{"id":1397,"date":"2024-01-04T13:16:46","date_gmt":"2024-01-04T13:16:46","guid":{"rendered":"https:\/\/fincahomes.eu\/?page_id=1397"},"modified":"2024-01-14T10:11:24","modified_gmt":"2024-01-14T10:11:24","slug":"ugovor-o-iznajmljivanju-finca-kuce","status":"publish","type":"page","link":"https:\/\/fincahomes.eu\/index.php\/ugovor-o-iznajmljivanju-finca-kuce\/","title":{"rendered":"UGOVOR O POSREDOVANJU &#8211; na upit"},"content":{"rendered":"\n<p class=\"has-text-align-center\">\u010clanak 1.<\/p>\n\n\n\n<p class=\"has-text-align-center\">Predmet ugovora<\/p>\n\n\n\n<p>Ugovorne strane neosporno utvr\u0111uju sljede\u0107e \u010dinjenice:<\/p>\n\n\n\n<p>(a)\u00a0\u00a0 da je Finca ku\u0107a udaljena najmanje 100 metara od naseljenih objekata prednjom stranom ku\u0107e i najmanje 20 metara od glavne prometnice (razvrstane ceste), okru\u017eena prirodno ure\u0111enim okoli\u0161em ili poljoprivrednim nasadima.<\/p>\n\n\n\n<p>(b)&nbsp;&nbsp; da je Iznajmljiva\u010d vlasnik Finca ku\u0107e ili je pravna\/fizi\u010dka osoba koja ima pravni interes upravljanja navedenom nekretninom, odnosno pru\u017eanja ugostiteljske djelatnosti (usluge smje\u0161taja).<\/p>\n\n\n\n<p>Iznajmljiva\u010d nudi Finca ku\u0107u Agenciji, a Agencija se obvezuje posredovati u pronala\u017eenju gostiju i upravljati rezervacijama u ime i za ra\u010dun Iznajmljiva\u010da.<\/p>\n\n\n\n<p class=\"has-text-align-center\">\u010clanak 2.<\/p>\n\n\n\n<p class=\"has-text-align-center\">Uvjeti iznajmljivanja<\/p>\n\n\n\n<p>a. Iznos najma: Iznos najma za Finca ku\u0107u \u0107e biti utvr\u0111en zajedni\u010dkim dogovorom izme\u0111u Agencije i Iznajmljiva\u010da. Cjenik je sastavni dio ovog Ugovora.<\/p>\n\n\n\n<p>b. Provizija: Agencija \u0107e zadr\u017eati 15% provizije od ukupnog iznosa najma za svoje usluge posredovanja.<\/p>\n\n\n\n<p>c. Ostali Tro\u0161kovi: Iznajmljiva\u010d \u0107e snositi sve dodatne tro\u0161kove vezane uz odr\u017eavanje i \u010di\u0161\u0107enje Finca ku\u0107e.<\/p>\n\n\n\n<p class=\"has-text-align-center\">\u010clanak 3.<\/p>\n\n\n\n<p class=\"has-text-align-center\">Suradnja iznajmljiva\u010da<\/p>\n\n\n\n<p>a. Odr\u017eavanje: Iznajmljiva\u010d je odgovoran za odr\u017eavanje Finca ku\u0107e u ispravnom stanju.<\/p>\n\n\n\n<p>b. Dostupnost: Iznajmljiva\u010d \u0107e obavijestiti Agenciju o dostupnosti Finca ku\u0107e za iznajmljivanje, odnosno u roku od 24h odgovoriti agenciji je li dostupna za odre\u0111eni termin po upitu gosta.<\/p>\n\n\n\n<p class=\"has-text-align-center\">&nbsp;\u010clanak 4.<\/p>\n\n\n\n<p class=\"has-text-align-center\">Rezervacije i pla\u0107anja<\/p>\n\n\n\n<p>a. Potvrda rezervacije: Iznajmljiva\u010d je obvezan primiti goste za potvr\u0111ene rezervacije koje su posredovane od strane Agencije.<\/p>\n\n\n\n<p>b. Pla\u0107anja: Pla\u0107anje \u0107e se vr\u0161iti u roku od 7 dana od odjave gosta ili otkaza. Isplate se vr\u0161e svaki \u010detvrtak.<\/p>\n\n\n\n<p class=\"has-text-align-center\">\u010clanak 5.<\/p>\n\n\n\n<p class=\"has-text-align-center\">Otkazivanje<\/p>\n\n\n\n<p>a. Otkazivanje od strane Gosta: Agencija \u0107e obavijestit Iznajmljiva\u010da o bilo kakvim otkazivanjima s rezervacijama uz po\u0161tivanje otkaznih rokova.<\/p>\n\n\n\n<p>b. Otkazivanje od strane Iznajmljiva\u010da: Iznajmljiva\u010d \u0107e obavijestiti Agenciju o bilo kakvim izmjenama dostupnosti Finca ku\u0107e te sura\u0111ivati oko premje\u0161taja Gosta i\/ili dogovora oko povrata novca.<\/p>\n\n\n\n<p class=\"has-text-align-center\">\u010clanak 6.<\/p>\n\n\n\n<p class=\"has-text-align-center\">Politika povrata novca<\/p>\n\n\n\n<p>Otkazi, od strane Gosta, poslani najmanje 60 dana prije datuma prijave ostvarit \u0107e potpuni povrat novca Gostu. Otkazi obavljeni izme\u0111u 30 i 60 dana prije datuma prijave imat \u0107e pravo na povrat 50% iznosa.<\/p>\n\n\n\n<p>Otkazi obavljeni unutar 29 dana prije datuma prijave, Gosti ne\u0107e imati pravo na povrat novca.<\/p>\n\n\n\n<p class=\"has-text-align-center\">&nbsp;\u010clanak 7.<\/p>\n\n\n\n<p class=\"has-text-align-center\">Odgovornost strana<\/p>\n\n\n\n<p>a. Osiguranje: Iznajmljiva\u010d je odgovoran za osiguravanje Finca ku\u0107e protiv o\u0161te\u0107enja.<\/p>\n\n\n\n<p>b. Odgovornost Agencije: Agencija nije odgovorna za o\u0161te\u0107enja Finca ku\u0107e uzrokovana gostima.<\/p>\n\n\n\n<p class=\"has-text-align-center\">\u010clanak 9.<\/p>\n\n\n\n<p class=\"has-text-align-center\">Vi\u0161a sila<\/p>\n\n\n\n<p>Agencija nije odgovorna za otkaz rezervacije u slu\u010daju vi\u0161e sile, uklju\u010duju\u0107i, me\u0111u ostalim, elementarne nepogode, su\u0161u i druge neuobi\u010dajene vremenske uvjete, \u0161trajka ili blokadu, rat, gra\u0111anske nemire, one\u010di\u0161\u0107enje, epidemiju ili pandemiju, zatvaranje granica ili zatvaranje odre\u0111enih zemljopisnih podru\u010dja, ograni\u010denje putovanja, uvjete u prometu, mjere karantene bilo koje vrste, nesta\u0161ice hrane ili racioniranje hrane ili prekid prodaje valute, bez obzira na to je li doga\u0111aj vi\u0161e sile bio predvidiv u vrijeme sklapanja Ugovora o uslugama posredovanja za smje\u0161tajne jedinice. Nadalje, Agencija nije odgovorna za pla\u0107anje u pogledu rezervacija ili dovr\u0161enje rezervacija ako je onemogu\u0107en pristup smje\u0161tajnoj jedinici zbog drugih neuobi\u010dajenih\/izvanrednih doga\u0111aja ili okolnosti npr. poplave, snijega, \u0161umskog po\u017eara, klizi\u0161ta ili sli\u010dno, bez obzira na to jesu li neuobi\u010dajeni\/izvanredni doga\u0111aji ili okolnosti bili predvidivi u vrijeme sklapanja Ugovora o uslugama posredovanja za smje\u0161tajne jedinice i \u010dak i ako se ti uvjeti ne mogu opisati kao doga\u0111aj vi\u0161e sile.<\/p>\n\n\n\n<p class=\"has-text-align-center\">\u010clanak 10.<\/p>\n\n\n\n<p class=\"has-text-align-center\">Frankfurtska tabela<\/p>\n\n\n\n<p>Agencija se pridr\u017eava pravila Frankfurtske tablice koja je uvela to\u010dno propisan izra\u010dun nematerijalne \u0161tete Gostu. Frankfurtska tabela \u0107e biti orijentir pri rje\u0161avanju manjkavosti, nedostataka pri smje\u0161taju.&nbsp;<\/p>\n\n\n\n<p class=\"has-text-align-center\">\u010clanak 11.<\/p>\n\n\n\n<p class=\"has-text-align-center\">Trajanje ugovora<\/p>\n\n\n\n<p>Ugovor stupa na snagu na dan potpisivanja\/slanja i ostaje na snazi dok se ne raskine pismenim putem od bilo koje ugovorne strane. U slu\u010daju otkaza sve potvr\u0111ene rezervacije od strane Iznajmljiva\u010da se moraju prihvatiti ili, u suradnji sa Agencijom, prona\u0107i drugi adekvatan smje\u0161taj.<\/p>\n\n\n\n<p class=\"has-text-align-center\">&nbsp;\u010clanak 12.<\/p>\n\n\n\n<p class=\"has-text-align-center\">Izmjene i dopune<\/p>\n\n\n\n<p class=\"has-text-align-left\">Svake izmjene ili dopune ovog ugovora moraju biti dogovorene pismenim putem. Prihva\u0107a se dogovor poslan putem raznih telekomunikacijskih ure\u0111aja, dru\u0161tvenih mre\u017ea, poruka na kojima se mo\u017ee razaznati to\u010dno vrijeme i datum slanja izmjene\/dopune.<\/p>\n\n\n\n<div class=\"wpforms-container wpforms-container-full wpforms-render-modern\" id=\"wpforms-1381\"><form id=\"wpforms-form-1381\" class=\"wpforms-validate wpforms-form wpforms-ajax-form\" data-formid=\"1381\" method=\"post\" enctype=\"multipart\/form-data\" action=\"\/index.php\/wp-json\/wp\/v2\/pages\/1397\" data-token=\"e7b995871635d3864caecd8edf6a2c4c\"><noscript class=\"wpforms-error-noscript\">Please enable JavaScript in your browser to complete this form.<\/noscript><div class=\"wpforms-hidden\" id=\"wpforms-error-noscript\">Please enable JavaScript in your browser to complete this form.<\/div><div class=\"wpforms-field-container\"><div id=\"wpforms-1381-field_4-container\" class=\"wpforms-field wpforms-field-radio\" data-field-id=\"4\"><fieldset><legend class=\"wpforms-field-label\">Sla\u017eete li se sa uvjetima ugovora? <span class=\"wpforms-required-label\" aria-hidden=\"true\">*<\/span><\/legend><ul id=\"wpforms-1381-field_4\" class=\"wpforms-field-required\"><li class=\"choice-1 depth-1\"><input type=\"radio\" id=\"wpforms-1381-field_4_1\" name=\"wpforms[fields][4]\" value=\"Da\" aria-errormessage=\"wpforms-1381-field_4_1-error\" required ><label class=\"wpforms-field-label-inline\" for=\"wpforms-1381-field_4_1\">Da<\/label><\/li><li class=\"choice-2 depth-1\"><input type=\"radio\" id=\"wpforms-1381-field_4_2\" name=\"wpforms[fields][4]\" value=\"Ne\" aria-errormessage=\"wpforms-1381-field_4_2-error\" required ><label class=\"wpforms-field-label-inline\" for=\"wpforms-1381-field_4_2\">Ne<\/label><\/li><\/ul><\/fieldset><\/div><div id=\"wpforms-1381-field_13-container\" class=\"wpforms-field wpforms-field-textarea\" data-field-id=\"13\"><label class=\"wpforms-field-label wpforms-label-hide\" for=\"wpforms-1381-field_13\" aria-hidden=\"false\">Dodatne dopune ugovora<\/label><textarea id=\"wpforms-1381-field_13\" class=\"wpforms-field-medium wpforms-limit-characters-enabled\" data-form-id=\"1381\" data-field-id=\"13\" data-text-limit=\"1000\" name=\"wpforms[fields][13]\" aria-errormessage=\"wpforms-1381-field_13-error\" aria-describedby=\"wpforms-1381-field_13-description\" maxlength=\"1000\" ><\/textarea><div id=\"wpforms-1381-field_13-description\" class=\"wpforms-field-description\">Dodatni komentar (opcionalno)<\/div><\/div><div id=\"wpforms-1381-field_1-container\" class=\"wpforms-field wpforms-field-name\" data-field-id=\"1\"><label class=\"wpforms-field-label\" for=\"wpforms-1381-field_1\">Ime i prezime <span class=\"wpforms-required-label\" aria-hidden=\"true\">*<\/span><\/label><input type=\"text\" id=\"wpforms-1381-field_1\" class=\"wpforms-field-medium wpforms-field-required\" name=\"wpforms[fields][1]\" aria-errormessage=\"wpforms-1381-field_1-error\" required><\/div><div id=\"wpforms-1381-field_9-container\" class=\"wpforms-field wpforms-field-text\" data-field-id=\"9\"><label class=\"wpforms-field-label\" for=\"wpforms-1381-field_9\">OIB <span class=\"wpforms-required-label\" aria-hidden=\"true\">*<\/span><\/label><input type=\"text\" id=\"wpforms-1381-field_9\" class=\"wpforms-field-medium wpforms-field-required\" name=\"wpforms[fields][9]\" aria-errormessage=\"wpforms-1381-field_9-error\" required><\/div><div id=\"wpforms-1381-field_8-container\" class=\"wpforms-field wpforms-field-email\" data-field-id=\"8\"><label class=\"wpforms-field-label\" for=\"wpforms-1381-field_8\">Email <span class=\"wpforms-required-label\" aria-hidden=\"true\">*<\/span><\/label><input type=\"email\" id=\"wpforms-1381-field_8\" class=\"wpforms-field-medium wpforms-field-required\" name=\"wpforms[fields][8]\" spellcheck=\"false\" aria-errormessage=\"wpforms-1381-field_8-error\" required><\/div><div id=\"wpforms-1381-field_6-container\" class=\"wpforms-field wpforms-field-select wpforms-field-select-style-classic\" data-field-id=\"6\"><label class=\"wpforms-field-label\" for=\"wpforms-1381-field_6\">\u017delite li primjerke ugovora primiti po\u0161tom?<\/label><select id=\"wpforms-1381-field_6\" class=\"wpforms-field-medium\" name=\"wpforms[fields][6]\"><option value=\"Ne, dovoljan je e-Ugovor\" >Ne, dovoljan je e-Ugovor<\/option><option value=\"1\" >1<\/option><option value=\"2\" >2<\/option><option value=\"+3 ili vi\u0161e\" >+3 ili vi\u0161e<\/option><\/select><\/div><\/div><!-- .wpforms-field-container --><div class=\"wpforms-submit-container\" ><input type=\"hidden\" name=\"wpforms[id]\" value=\"1381\"><input type=\"hidden\" name=\"wpforms[author]\" value=\"1\"><button type=\"submit\" name=\"wpforms[submit]\" id=\"wpforms-submit-1381\" class=\"wpforms-submit\" data-alt-text=\"Sending...\" data-submit-text=\"Submit\" aria-live=\"assertive\" value=\"wpforms-submit\">Submit<\/button><img loading=\"lazy\" decoding=\"async\" src=\"https:\/\/fincahomes.eu\/wp-content\/plugins\/wpforms-lite\/assets\/images\/submit-spin.svg\" class=\"wpforms-submit-spinner\" style=\"display: none;\" width=\"26\" height=\"26\" alt=\"Loading\"><\/div><\/form><\/div>  <!-- .wpforms-container -->\n","protected":false},"excerpt":{"rendered":"<p>\u010clanak 1. Predmet ugovora Ugovorne strane neosporno utvr\u0111uju sljede\u0107e \u010dinjenice: (a)\u00a0\u00a0 da je Finca ku\u0107a udaljena najmanje 100 metara od naseljenih objekata prednjom stranom ku\u0107e i najmanje 20 metara od glavne prometnice (razvrstane ceste), okru\u017eena prirodno ure\u0111enim okoli\u0161em ili poljoprivrednim nasadima. (b)&nbsp;&nbsp; da je Iznajmljiva\u010d vlasnik Finca ku\u0107e ili je pravna\/fizi\u010dka osoba koja ima pravni [&hellip;]<\/p>\n","protected":false},"author":1,"featured_media":0,"parent":0,"menu_order":0,"comment_status":"closed","ping_status":"closed","template":"","meta":{"om_disable_all_campaigns":false,"_monsterinsights_skip_tracking":false,"_monsterinsights_sitenote_active":false,"_monsterinsights_sitenote_note":"","_monsterinsights_sitenote_category":0,"footnotes":""},"aioseo_notices":[],"_links":{"self":[{"href":"https:\/\/fincahomes.eu\/index.php\/wp-json\/wp\/v2\/pages\/1397"}],"collection":[{"href":"https:\/\/fincahomes.eu\/index.php\/wp-json\/wp\/v2\/pages"}],"about":[{"href":"https:\/\/fincahomes.eu\/index.php\/wp-json\/wp\/v2\/types\/page"}],"author":[{"embeddable":true,"href":"https:\/\/fincahomes.eu\/index.php\/wp-json\/wp\/v2\/users\/1"}],"replies":[{"embeddable":true,"href":"https:\/\/fincahomes.eu\/index.php\/wp-json\/wp\/v2\/comments?post=1397"}],"version-history":[{"count":25,"href":"https:\/\/fincahomes.eu\/index.php\/wp-json\/wp\/v2\/pages\/1397\/revisions"}],"predecessor-version":[{"id":1535,"href":"https:\/\/fincahomes.eu\/index.php\/wp-json\/wp\/v2\/pages\/1397\/revisions\/1535"}],"wp:attachment":[{"href":"https:\/\/fincahomes.eu\/index.php\/wp-json\/wp\/v2\/media?parent=1397"}],"curies":[{"name":"wp","href":"https:\/\/api.w.org\/{rel}","templated":true}]}}